{"id":1129,"date":"2025-07-01T11:37:34","date_gmt":"2025-07-01T11:37:34","guid":{"rendered":"http:\/\/trattoriadaale.it\/?page_id=1129"},"modified":"2025-07-16T12:33:13","modified_gmt":"2025-07-16T12:33:13","slug":"bevande","status":"publish","type":"page","link":"https:\/\/trattoriadaale.it\/?page_id=1129","title":{"rendered":"bevande"},"content":{"rendered":"<h1>Bevande<\/h1>\n<div>\n<p class=\"Textbody\">Proponiamo bevande alcoliche e analcoliche, nonch\u00e9 gli amari ideali per chiudere il pasto.<\/p>\n<\/div>\n<p><p>\n        <a href=\"\/?page_id=1273\">La carta dei vini<\/a>\n    <\/p>\n<\/p>\n<h2>\n<p>BEVANDE ANALCOLICHE<br \/>Soft drinks &#8211; Boissons sans alcool<\/p>\n<\/h2>\n<hr>\n<ul>\n<li>\n<h3>Acqua San Bernardo (0,50 cl) naturale o gasata<\/h3>\n<p>2.50  \u20ac<\/p>\n<div>\n<p><em>Still or sparkling water <br \/>Eau plate ou gazeuse<\/em><\/p>\n<\/div>\n<\/li>\n<li>\n<h3>Coca Cola (33 cl)<\/h3>\n<p>4.00  \u20ac<\/p>\n<\/li>\n<li>\n<h3>Coca Cola Zero (33 cl)<\/h3>\n<p>4.00  \u20ac<\/p>\n<\/li>\n<li>\n<h3>Fanta (33 cl)<\/h3>\n<p>3.50  \u20ac<\/p>\n<\/li>\n<li>\n<h3>Sprite (33 cl)<\/h3>\n<p>3.50  \u20ac<\/p>\n<\/li>\n<li>\n<h3>Estath\u00e9 pesca olimone (33 cl)<\/h3>\n<p>3.50  \u20ac<\/p>\n<div>\n<p><em>Peach or lemon iced tea <br \/>Th\u00e9 glac\u00e9 p\u00eache ou citron<\/em><\/p>\n<\/div>\n<\/li>\n<\/ul>\n<h3>\n<p>BEVANDE ALCOLICHE<br \/>Alcoholic drinks &#8211; Boissons alcoolis\u00e9es<\/p>\n<\/h3>\n<hr>\n<ul>\n<li>\n<h3>Heineken (33 cl)<\/h3>\n<p>4.00  \u20ac<\/p>\n<\/li>\n<li>\n<h3>Menabrea (33 cl)<\/h3>\n<p>4.00  \u20ac<\/p>\n<\/li>\n<li>\n<h3>Corona Extra (33 cl)<\/h3>\n<p>4.00  \u20ac<\/p>\n<\/li>\n<li>\n<h3>Campari Spritz <\/h3>\n<p>8.00  \u20ac<\/p>\n<\/li>\n<li>\n<h3>Aperol Spritz <\/h3>\n<p>7.00  \u20ac<\/p>\n<\/li>\n<\/ul>\n<h3>\n<p>AMARI<br \/>Digestifs &#8211; Digestifs<\/p>\n<\/h3>\n<hr>\n<ul>\n<li>\n<h3>San Simone<\/h3>\n<p>4.00  \u20ac<\/p>\n<\/li>\n<li>\n<h3>Sambuca<\/h3>\n<p>4.00  \u20ac<\/p>\n<\/li>\n<li>\n<h3>Averna<\/h3>\n<p>4.00  \u20ac<\/p>\n<\/li>\n<li>\n<h3>Montenegro<\/h3>\n<p>4.00  \u20ac<\/p>\n<\/li>\n<li>\n<h3>Amaro Lucano<\/h3>\n<p>4.00  \u20ac<\/p>\n<\/li>\n<li>\n<h3>Vecchio Amaro del Capo <\/h3>\n<p>4.00  \u20ac<\/p>\n<\/li>\n<li>\n<h3>Grappa bianca<\/h3>\n<p>4.00  \u20ac<\/p>\n<\/li>\n<li>\n<h3>Grappa gialla<\/h3>\n<p>4.50  \u20ac<\/p>\n<\/li>\n<li>\n<h3>Limoncello<\/h3>\n<p>4.00  \u20ac<\/p>\n<\/li>\n<\/ul>\n<h6>PRENOTA IL TUO TAVOLO<\/h6>\n<div>\n<p><span>Trattoria vineria da Ale<\/span><br \/><span>Piazza Corpus Domini, 17 \u2013 10122 Torino (TO)<\/span><\/p>\n<\/div>\n<hr>\n<div>\n<div class=\"uk-panel uk-text-large uk-margin uk-text-center uk-scrollspy-inview\" data-id=\"page#4-0-0-2\" data-element=\"\" uk-scrollspy-class=\"\">\n<p>Chiamaci al numero<br \/>+39 333 775 7238<\/p>\n<\/div>\n<\/div>\n<hr>\n<div>\n<p><span>Scrivici alla mail<\/span><br \/><span>info@trattoriadaale.it<\/span><\/p>\n<\/div>\n<p><!--more--><br \/>\n<!-- {\"type\":\"layout\",\"children\":[{\"name\":\"Menu\",\"type\":\"section\",\"props\":{\"animation\":\"fade\",\"image\":\"wp-content\\\/uploads\\\/2025\\\/07\\\/miscela-di-bevande-alcoliche-ad-alto-angolo-scaled.jpg\",\"image_effect\":\"fixed\",\"image_position\":\"center-center\",\"image_size\":\"cover\",\"image_width\":\"1920\",\"padding\":\"large\",\"padding_remove_top\":false,\"style\":\"default\",\"title_breakpoint\":\"xl\",\"title_position\":\"top-left\",\"title_rotation\":\"left\",\"vertical_align\":\"\",\"width\":\"default\"},\"children\":[{\"type\":\"row\",\"children\":[{\"type\":\"column\",\"props\":{\"image_position\":\"center-center\",\"padding\":\"large\",\"position_sticky_breakpoint\":\"m\",\"style\":\"tile-default\",\"width_medium\":\"1-1\"},\"children\":[{\"type\":\"headline\",\"props\":{\"content\":\"Bevande\",\"text_align\":\"center\",\"title_element\":\"h1\",\"title_style\":\"h2\"}},{\"type\":\"text\",\"props\":{\"block_align\":\"center\",\"column_breakpoint\":\"m\",\"content\":\"\n\n<p class=\\\"Textbody\\\">Proponiamo bevande alcoliche e analcoliche, nonch\\u00e9 gli amari ideali per chiudere il pasto.<\\\/p>\",\"margin\":\"large\",\"margin_remove_top\":true,\"maxwidth\":\"large\",\"text_align\":\"center\"}},{\"type\":\"button\",\"props\":{\"grid_column_gap\":\"small\",\"grid_row_gap\":\"small\",\"margin\":\"large\",\"margin_remove_top\":true,\"text_align\":\"center\"},\"children\":[{\"type\":\"button_item\",\"props\":{\"button_style\":\"primary\",\"content\":\"La carta dei vini\",\"dialog_layout\":\"modal\",\"dialog_offcanvas_flip\":true,\"icon_align\":\"left\",\"link\":\"?page_id=1273\"}}]},{\"type\":\"headline\",\"props\":{\"content\":\"\n\n<p>BEVANDE ANALCOLICHE<br \\\/>Soft drinks - Boissons sans alcool<\\\/p>\",\"margin\":\"small\",\"margin_remove_bottom\":false,\"margin_remove_top\":false,\"text_align\":\"center\",\"title_color\":\"danger\",\"title_element\":\"h2\",\"title_style\":\"h3\"}},{\"type\":\"divider\",\"props\":{\"divider_align\":\"center\",\"divider_element\":\"hr\",\"divider_style\":\"small\"}},{\"type\":\"description_list\",\"props\":{\"block_align\":\"center\",\"column_breakpoint\":\"m\",\"layout\":\"grid-2-m\",\"list_element\":\"ul\",\"list_size\":\"large\",\"margin\":\"large\",\"maxwidth\":\"xlarge\",\"meta_align\":\"bottom\",\"meta_color\":\"primary\",\"meta_style\":\"\",\"show_content\":true,\"show_link\":true,\"show_meta\":true,\"show_title\":true,\"title_element\":\"div\",\"title_grid_column_gap\":\"small\",\"title_grid_row_gap\":\"small\",\"title_grid_width\":\"expand\",\"title_leader\":true},\"children\":[{\"type\":\"description_list_item\",\"props\":{\"content\":\"\n\n<p><em>Still or sparkling water <br \\\/>Eau plate ou gazeuse<\\\/em><\\\/p>\",\"meta\":\"2.50  \\u20ac\",\"title\":\"Acqua San Bernardo (0,50 cl) naturale o gasata\"}},{\"type\":\"description_list_item\",\"props\":{\"content\":\"\",\"meta\":\"4.00  \\u20ac\",\"title\":\"Coca Cola (33 cl)\"}},{\"type\":\"description_list_item\",\"props\":{\"content\":\"\",\"meta\":\"4.00  \\u20ac\",\"title\":\"Coca Cola Zero (33 cl)\"}},{\"type\":\"description_list_item\",\"props\":{\"content\":\"\",\"meta\":\"3.50  \\u20ac\",\"title\":\"Fanta (33 cl)\"}},{\"type\":\"description_list_item\",\"props\":{\"content\":\"\",\"meta\":\"3.50  \\u20ac\",\"title\":\"Sprite (33 cl)\"}},{\"type\":\"description_list_item\",\"props\":{\"content\":\"\n\n<p><em>Peach or lemon iced tea <br \\\/>Th\\u00e9 glac\\u00e9 p\\u00eache ou citron<\\\/em><\\\/p>\",\"meta\":\"3.50  \\u20ac\",\"title\":\"Estath\\u00e9 pesca olimone (33 cl)\"}}]},{\"type\":\"headline\",\"props\":{\"content\":\"\n\n<p>BEVANDE ALCOLICHE<br \\\/>Alcoholic drinks - Boissons alcoolis\\u00e9es<\\\/p>\",\"margin\":\"small\",\"margin_remove_top\":false,\"text_align\":\"center\",\"title_color\":\"danger\",\"title_element\":\"h3\",\"title_style\":\"h3\"}},{\"type\":\"divider\",\"props\":{\"divider_align\":\"center\",\"divider_element\":\"hr\",\"divider_style\":\"small\"}},{\"type\":\"description_list\",\"props\":{\"block_align\":\"center\",\"column_breakpoint\":\"m\",\"layout\":\"grid-2-m\",\"list_element\":\"ul\",\"list_size\":\"large\",\"margin\":\"large\",\"maxwidth\":\"xlarge\",\"meta_align\":\"bottom\",\"meta_color\":\"primary\",\"meta_style\":\"\",\"show_content\":true,\"show_link\":true,\"show_meta\":true,\"show_title\":true,\"title_element\":\"div\",\"title_grid_column_gap\":\"small\",\"title_grid_row_gap\":\"small\",\"title_grid_width\":\"expand\",\"title_leader\":true},\"children\":[{\"type\":\"description_list_item\",\"props\":{\"content\":\"\",\"meta\":\"4.00  \\u20ac\",\"title\":\"Heineken (33 cl)\"}},{\"type\":\"description_list_item\",\"props\":{\"content\":\"\",\"meta\":\"4.00  \\u20ac\",\"title\":\"Menabrea (33 cl)\"}},{\"type\":\"description_list_item\",\"props\":{\"content\":\"\",\"meta\":\"4.00  \\u20ac\",\"title\":\"Corona Extra (33 cl)\"}},{\"type\":\"description_list_item\",\"props\":{\"content\":\"\",\"meta\":\"8.00  \\u20ac\",\"title\":\"Campari Spritz \"}},{\"type\":\"description_list_item\",\"props\":{\"content\":\"\",\"meta\":\"7.00  \\u20ac\",\"title\":\"Aperol Spritz \"}}]},{\"type\":\"headline\",\"props\":{\"content\":\"\n\n<p>AMARI<br \\\/>Digestifs - Digestifs<\\\/p>\",\"margin\":\"small\",\"margin_remove_top\":false,\"text_align\":\"center\",\"title_color\":\"danger\",\"title_element\":\"h3\",\"title_style\":\"h3\"}},{\"type\":\"divider\",\"props\":{\"divider_align\":\"center\",\"divider_element\":\"hr\",\"divider_style\":\"small\"}},{\"type\":\"description_list\",\"props\":{\"block_align\":\"center\",\"column_breakpoint\":\"m\",\"layout\":\"grid-2-m\",\"list_element\":\"ul\",\"list_size\":\"large\",\"margin\":\"large\",\"maxwidth\":\"xlarge\",\"meta_align\":\"bottom\",\"meta_color\":\"primary\",\"meta_style\":\"\",\"show_content\":true,\"show_link\":true,\"show_meta\":true,\"show_title\":true,\"title_element\":\"div\",\"title_grid_column_gap\":\"small\",\"title_grid_row_gap\":\"small\",\"title_grid_width\":\"expand\",\"title_leader\":true},\"children\":[{\"type\":\"description_list_item\",\"props\":{\"content\":\"\",\"meta\":\"4.00  \\u20ac\",\"title\":\"San Simone\"}},{\"type\":\"description_list_item\",\"props\":{\"content\":\"\",\"meta\":\"4.00  \\u20ac\",\"title\":\"Sambuca\"}},{\"type\":\"description_list_item\",\"props\":{\"content\":\"\",\"meta\":\"4.00  \\u20ac\",\"title\":\"Averna\"}},{\"type\":\"description_list_item\",\"props\":{\"content\":\"\",\"meta\":\"4.00  \\u20ac\",\"title\":\"Montenegro\"}},{\"type\":\"description_list_item\",\"props\":{\"content\":\"\",\"meta\":\"4.00  \\u20ac\",\"title\":\"Amaro Lucano\"}},{\"type\":\"description_list_item\",\"props\":{\"content\":\"\",\"meta\":\"4.00  \\u20ac\",\"title\":\"Vecchio Amaro del Capo \"}},{\"type\":\"description_list_item\",\"props\":{\"content\":\"\",\"meta\":\"4.00  \\u20ac\",\"title\":\"Grappa bianca\"}},{\"type\":\"description_list_item\",\"props\":{\"content\":\"\",\"meta\":\"4.50  \\u20ac\",\"title\":\"Grappa gialla\"}},{\"type\":\"description_list_item\",\"props\":{\"content\":\"\",\"meta\":\"4.00  \\u20ac\",\"title\":\"Limoncello\"}}]}]}]}]},{\"name\":\"FOOTER\",\"type\":\"section\",\"props\":{\"animation\":\"fade\",\"image_effect\":\"fixed\",\"image_position\":\"center-center\",\"image_size\":\"cover\",\"image_width\":\"1920\",\"media_background\":\"rgba(0, 0, 0, 0.62)\",\"media_overlay\":\"rgba(255, 251, 251, 0.83)\",\"style\":\"default\",\"title_breakpoint\":\"xl\",\"title_position\":\"top-left\",\"title_rotation\":\"left\",\"vertical_align\":\"\",\"width\":\"default\"},\"children\":[{\"type\":\"row\",\"props\":{\"column_gap\":\"collapse\",\"row_gap\":\"small\",\"width\":\"xsmall\"},\"children\":[{\"type\":\"column\",\"props\":{\"image_position\":\"center-center\",\"position_sticky_breakpoint\":\"m\",\"vertical_align\":\"middle\"},\"children\":[{\"type\":\"headline\",\"props\":{\"content\":\"PRENOTA IL TUO TAVOLO\",\"margin_remove_top\":false,\"text_align\":\"center\",\"title_element\":\"h6\",\"title_style\":\"h2\"}},{\"type\":\"text\",\"props\":{\"column_breakpoint\":\"m\",\"content\":\"\n\n<p><span>Trattoria vineria da Ale<\\\/span><br \\\/><span>Piazza Corpus Domini, 17 \\u2013 10122 Torino (TO)<\\\/span><\\\/p>\",\"margin\":\"default\",\"text_align\":\"center\",\"text_style\":\"large\"}},{\"type\":\"divider\",\"props\":{\"divider_align\":\"center\",\"divider_element\":\"hr\",\"divider_style\":\"small\"}},{\"type\":\"text\",\"props\":{\"column_breakpoint\":\"m\",\"content\":\"\n\n<div class=\\\"uk-panel uk-text-large uk-margin uk-text-center uk-scrollspy-inview\\\" data-id=\\\"page#4-0-0-2\\\" data-element=\\\"\\\" uk-scrollspy-class=\\\"\\\">\\n\n\n<p>Chiamaci al numero<br \\\/>+39 333 775 7238<\\\/p>\\n<\\\/div>\",\"margin\":\"default\",\"text_align\":\"center\",\"text_style\":\"large\"}},{\"type\":\"divider\",\"props\":{\"divider_align\":\"center\",\"divider_element\":\"hr\",\"divider_style\":\"small\"}},{\"type\":\"text\",\"props\":{\"column_breakpoint\":\"m\",\"content\":\"\n\n<p><span>Scrivici alla mail<\\\/span><br \\\/><span>info@trattoriadaale.it<\\\/span><\\\/p>\",\"margin\":\"default\",\"text_align\":\"center\",\"text_style\":\"large\"}}]}]}],\"modified\":\"2021-12-20T09:32:50.271Z\"}],\"version\":\"4.5.21\"} --><\/p>\n","protected":false},"excerpt":{"rendered":"<p>Bevande Proponiamo bevande alcoliche e analcoliche, nonch\u00e9 gli amari ideali per chiudere il pasto. La carta dei vini BEVANDE ANALCOLICHESoft drinks &#8211; Boissons sans alcool Acqua San Bernardo (0,50 cl) naturale o gasata 2.50 \u20ac Still or sparkling water Eau plate ou gazeuse Coca Cola (33 cl) 4.00 \u20ac Coca Cola Zero (33 cl) 4.00 [&hellip;]<\/p>\n","protected":false},"author":1,"featured_media":0,"parent":0,"menu_order":0,"comment_status":"closed","ping_status":"closed","template":"","meta":{"footnotes":""},"class_list":["post-1129","page","type-page","status-publish","hentry"],"_links":{"self":[{"href":"https:\/\/trattoriadaale.it\/index.php?rest_route=\/wp\/v2\/pages\/1129","targetHints":{"allow":["GET"]}}],"collection":[{"href":"https:\/\/trattoriadaale.it\/index.php?rest_route=\/wp\/v2\/pages"}],"about":[{"href":"https:\/\/trattoriadaale.it\/index.php?rest_route=\/wp\/v2\/types\/page"}],"author":[{"embeddable":true,"href":"https:\/\/trattoriadaale.it\/index.php?rest_route=\/wp\/v2\/users\/1"}],"replies":[{"embeddable":true,"href":"https:\/\/trattoriadaale.it\/index.php?rest_route=%2Fwp%2Fv2%2Fcomments&post=1129"}],"version-history":[{"count":42,"href":"https:\/\/trattoriadaale.it\/index.php?rest_route=\/wp\/v2\/pages\/1129\/revisions"}],"predecessor-version":[{"id":1325,"href":"https:\/\/trattoriadaale.it\/index.php?rest_route=\/wp\/v2\/pages\/1129\/revisions\/1325"}],"wp:attachment":[{"href":"https:\/\/trattoriadaale.it\/index.php?rest_route=%2Fwp%2Fv2%2Fmedia&parent=1129"}],"curies":[{"name":"wp","href":"https:\/\/api.w.org\/{rel}","templated":true}]}}